{"id":34364,"date":"2025-01-28T10:00:10","date_gmt":"2025-01-28T09:00:10","guid":{"rendered":"https:\/\/www.1trueid.net\/coding\/"},"modified":"2025-05-09T09:23:41","modified_gmt":"2025-05-09T07:23:41","slug":"coding","status":"publish","type":"page","link":"https:\/\/www.1trueid.net\/it\/technology\/coding\/","title":{"rendered":"Coding"},"content":{"rendered":"<p>[vc_row full_width=&#8221;stretch_row&#8221; css=&#8221;.vc_custom_1741341544109{margin-bottom: 0px !important;padding-top: 32px !important;padding-bottom: 32px !important;background-color: #f0f3f2 !important;}&#8221;][vc_column][vc_row_inner equal_height=&#8221;yes&#8221; gap=&#8221;20&#8243;][vc_column_inner offset=&#8221;vc_col-lg-3&#8243;]<div class=\"clearboth\"><\/div><style>#thegem-divider-6a046dcfaf652 {margin-top: 40px !important;}<\/style><div id=\"thegem-divider-6a046dcfaf652\" class=\"gem-divider  \" style=\"\" ><\/div><div class=\"clearboth\"><\/div><style>#thegem-divider-6a046dcfaf69a {margin-top: 40px !important;}<\/style><div id=\"thegem-divider-6a046dcfaf69a\" class=\"gem-divider  \" style=\"\" ><\/div>[vc_column_text]<\/p>\n<h6 style=\"text-align: center;\">Il modello di business di 1TrueID si basa sulla creazione di un certificato digitale sempre verificabile in blockchain. Per ogni prodotto viene generato un codice univoco e crittografato con una chiave privata che viene associato al prodotto utilizzando uno dei seguenti mezzi:<\/h6>\n<p>[\/vc_column_text]<div class=\"clearboth\"><\/div><style>#thegem-divider-6a046dcfaf6bc {margin-top: 40px !important;}<\/style><div id=\"thegem-divider-6a046dcfaf6bc\" class=\"gem-divider  \" style=\"\" ><\/div>[\/vc_column_inner][vc_column_inner width=&#8221;1\/3&#8243; offset=&#8221;vc_col-lg-3&#8243; css=&#8221;.vc_custom_1741341340319{background-color: #ffffff !important;border-radius: 35px !important;}&#8221;][vc_single_image image=&#8221;34056&#8243; alignment=&#8221;center&#8221;]<div class=\"clearboth\"><\/div><style>#thegem-divider-6a046dcfaf6da {margin-top: 30px !important;}<\/style><div id=\"thegem-divider-6a046dcfaf6da\" class=\"gem-divider  \" style=\"\" ><\/div>[vc_column_text]<\/p>\n<h5 class=\"title-h5\" style=\"text-align: center;\"><span style=\"color: #000000;\"><strong>QRCODE<\/strong><\/span><\/h5>\n<p>[\/vc_column_text][vc_column_text]<\/p>\n<div class=\"title-h5\" style=\"text-align: center;\"><span style=\"color: #000000;\"><strong>Tecnologia Ottica<\/strong><\/span><\/div>\n<p>[\/vc_column_text][vc_column_text]<\/p>\n<p style=\"text-align: center;\"><span style=\"color: #000000;\">\u00c8 facilmente leggibile da qualsiasi dispositivo dotato di fotocamera. Contiene la codifica univoca 1TrueID e include le funzionalit\u00e0 standard di reindirizzamento URL.<\/span><\/p>\n<p>[\/vc_column_text][\/vc_column_inner][vc_column_inner width=&#8221;1\/3&#8243; offset=&#8221;vc_col-lg-3&#8243; css=&#8221;.vc_custom_1741341434197{background-color: #ffffff !important;border-radius: 35px !important;}&#8221;][vc_single_image image=&#8221;34052&#8243; alignment=&#8221;center&#8221;]<div class=\"clearboth\"><\/div><style>#thegem-divider-6a046dcfaf6f5 {margin-top: 30px !important;}<\/style><div id=\"thegem-divider-6a046dcfaf6f5\" class=\"gem-divider  \" style=\"\" ><\/div>[vc_column_text]<\/p>\n<h5 class=\"title-h5\" style=\"text-align: center;\"><span style=\"color: #000000;\"><strong>RFID UHF<\/strong><\/span><\/h5>\n<p>[\/vc_column_text][vc_column_text]<\/p>\n<div class=\"title-h5\" style=\"text-align: center;\"><span style=\"color: #000000;\"><strong>Tecnologia RFId UHF<\/strong><\/span><\/div>\n<p>[\/vc_column_text]<div class=\"clearboth\"><\/div><style>#thegem-divider-6a046dcfaf710 {margin-top: 10px !important;}<\/style><div id=\"thegem-divider-6a046dcfaf710\" class=\"gem-divider  \" style=\"\" ><\/div>[vc_column_text]<\/p>\n<p style=\"text-align: center;\"><span style=\"color: #000000;\">Pi\u00f9 difficile da imitare rispetto ad un QrCode che attualmente richiede un dispositivo specifico di lettura ma che sar\u00e0 presto integrato negli smartphone. Questa tecnologia permette di gestire pi\u00f9 tag contemporaneamente, facilitando l\u2019operazione di lettura e rendendola pi\u00f9 veloce ed efficace al 100%. Pu\u00f2 includere la funzionalit\u00e0 di reindirizzamento URL.<\/span><\/p>\n<p>[\/vc_column_text][\/vc_column_inner][vc_column_inner width=&#8221;1\/3&#8243; offset=&#8221;vc_col-lg-3&#8243; css=&#8221;.vc_custom_1741341442475{background-color: #ffffff !important;border-radius: 35px !important;}&#8221;][vc_single_image image=&#8221;34050&#8243; alignment=&#8221;center&#8221;]<div class=\"clearboth\"><\/div><style>#thegem-divider-6a046dcfaf729 {margin-top: 30px !important;}<\/style><div id=\"thegem-divider-6a046dcfaf729\" class=\"gem-divider  \" style=\"\" ><\/div>[vc_column_text]<\/p>\n<h5 class=\"title-h5\" style=\"text-align: center;\"><span style=\"color: #000000;\"><strong>TAG NFC<\/strong><\/span><\/h5>\n<p>[\/vc_column_text][vc_column_text]<\/p>\n<div class=\"title-h5\" style=\"text-align: center;\"><span style=\"color: #000000;\"><strong>Tecnologia RFId HF<\/strong><\/span><\/div>\n<p>[\/vc_column_text]<div class=\"clearboth\"><\/div><style>#thegem-divider-6a046dcfaf742 {margin-top: 10px !important;}<\/style><div id=\"thegem-divider-6a046dcfaf742\" class=\"gem-divider  \" style=\"\" ><\/div>[vc_column_text]<\/p>\n<p style=\"text-align: center;\"><span style=\"color: #000000;\">Unisce i vantaggi delle prime due soluzioni in quanto difficile da imitare e fruibile dagli smartphone. Include le funzionalit\u00e0 standard di reindirizzamento URL.<\/span><\/p>\n<p>[\/vc_column_text][\/vc_column_inner][\/vc_row_inner][vc_row_inner][vc_column_inner][vc_column_text]<\/p>\n<h5 style=\"text-align: center;\">Tramite l&#8217;utilizzo di uno <strong>smartphone<\/strong> si pu\u00f2 fruire delle funzioni del modello <strong>1TrueID<\/strong>:<\/h5>\n<p>[\/vc_column_text][\/vc_column_inner][\/vc_row_inner][vc_row_inner][vc_column_inner width=&#8221;1\/3&#8243;][vc_single_image image=&#8221;33945&#8243; img_size=&#8221;100&#215;100&#8243; alignment=&#8221;center&#8221;][vc_column_text]<\/p>\n<p style=\"text-align: center;\"><span style=\"color: #000000;\">Garantire l\u2019<strong>anticontraffazione<\/strong> del prodotto<\/span><\/p>\n<p>[\/vc_column_text][\/vc_column_inner][vc_column_inner width=&#8221;1\/3&#8243;][vc_single_image image=&#8221;33947&#8243; img_size=&#8221;100&#215;100&#8243; alignment=&#8221;center&#8221;][vc_column_text]<\/p>\n<p style=\"text-align: center;\"><span style=\"color: #000000;\">Verificare la <b>tracciabilit\u00e0 <\/b>del prodotto<\/span><\/p>\n<p>[\/vc_column_text][\/vc_column_inner][vc_column_inner width=&#8221;1\/3&#8243;][vc_single_image image=&#8221;33949&#8243; img_size=&#8221;100&#215;100&#8243; alignment=&#8221;center&#8221;][vc_column_text]<\/p>\n<p style=\"text-align: center;\"><span style=\"color: #000000;\"><b>F<\/b><b>idelizzare il cliente <\/b>e fornire benefici aggiuntivi.<\/span><\/p>\n<p>[\/vc_column_text][\/vc_column_inner][\/vc_row_inner][vc_row_inner][vc_column_inner][vc_column_text]<\/p>\n<h5 style=\"text-align: center;\"><span style=\"color: #000000;\">Queste funzioni utilizzano la <a href=\"https:\/\/otichain.com\/it\/\"><strong>blockchain<\/strong><\/a> e l&#8217;<strong>NFT (Non-Fungible token), <\/strong>un\u2019unit\u00e0 di dati memorizzata in blockchain, che certifica che il prodotto a cui \u00e8 associato \u00e8 unico e immutabile.<\/span><\/h5>\n<p>[\/vc_column_text][\/vc_column_inner][\/vc_row_inner][\/vc_column][\/vc_row]<\/p>\n","protected":false},"excerpt":{"rendered":"<p>[vc_row full_width=&#8221;stretch_row&#8221; css=&#8221;.vc_custom_1741341544109{margin-bottom: 0px !important;padding-top: 32px !important;padding-bottom: 32px !important;background-color: #f0f3f2 !important;}&#8221;][vc_column][vc_row_inner equal_height=&#8221;yes&#8221; gap=&#8221;20&#8243;][vc_column_inner offset=&#8221;vc_col-lg-3&#8243;][vc_column_text] Il modello di business di 1TrueID&#8230;<\/p>\n","protected":false},"author":4,"featured_media":0,"parent":34522,"menu_order":1,"comment_status":"closed","ping_status":"closed","template":"","meta":{"footnotes":""},"class_list":["post-34364","page","type-page","status-publish"],"yoast_head":"<!-- This site is optimized with the Yoast SEO Premium plugin v20.7 (Yoast SEO v25.6) - https:\/\/yoast.com\/wordpress\/plugins\/seo\/ -->\n<title>Coding per Tracciabilit\u00e0 e Anticontraffazione: QR Code, UHF e NFC<\/title>\n<meta name=\"description\" content=\"Scopri i 3 livelli di coding per la tracciabilit\u00e0 e anticontraffazione: QR Code, tag UHF e tag NFC. Soluzioni avanzate per proteggere i tuoi prodotti con la tecnologia 1trueId\" \/>\n<meta name=\"robots\" content=\"index, follow, max-snippet:-1, max-image-preview:large, max-video-preview:-1\" \/>\n<link rel=\"canonical\" href=\"https:\/\/www.1trueid.net\/it\/technology\/coding\/\" \/>\n<meta property=\"og:locale\" content=\"it_IT\" \/>\n<meta property=\"og:type\" content=\"article\" \/>\n<meta property=\"og:title\" content=\"Coding\" \/>\n<meta property=\"og:description\" content=\"Scopri i 3 livelli di coding per la tracciabilit\u00e0 e anticontraffazione: QR Code, tag UHF e tag NFC. Soluzioni avanzate per proteggere i tuoi prodotti con la tecnologia 1trueId\" \/>\n<meta property=\"og:url\" content=\"https:\/\/www.1trueid.net\/it\/technology\/coding\/\" \/>\n<meta property=\"og:site_name\" content=\"1TrueID\" \/>\n<meta property=\"article:modified_time\" content=\"2025-05-09T07:23:41+00:00\" \/>\n<meta name=\"twitter:card\" content=\"summary_large_image\" \/>\n<meta name=\"twitter:label1\" content=\"Tempo di lettura stimato\" \/>\n\t<meta name=\"twitter:data1\" content=\"3 minuti\" \/>\n<script type=\"application\/ld+json\" class=\"yoast-schema-graph\">{\"@context\":\"https:\/\/schema.org\",\"@graph\":[{\"@type\":\"WebPage\",\"@id\":\"https:\/\/www.1trueid.net\/it\/technology\/coding\/\",\"url\":\"https:\/\/www.1trueid.net\/it\/technology\/coding\/\",\"name\":\"Coding per Tracciabilit\u00e0 e Anticontraffazione: QR Code, UHF e NFC\",\"isPartOf\":{\"@id\":\"https:\/\/www.1trueid.net\/it\/#website\"},\"datePublished\":\"2025-01-28T09:00:10+00:00\",\"dateModified\":\"2025-05-09T07:23:41+00:00\",\"description\":\"Scopri i 3 livelli di coding per la tracciabilit\u00e0 e anticontraffazione: QR Code, tag UHF e tag NFC. Soluzioni avanzate per proteggere i tuoi prodotti con la tecnologia 1trueId\",\"breadcrumb\":{\"@id\":\"https:\/\/www.1trueid.net\/it\/technology\/coding\/#breadcrumb\"},\"inLanguage\":\"it-IT\",\"potentialAction\":[{\"@type\":\"ReadAction\",\"target\":[\"https:\/\/www.1trueid.net\/it\/technology\/coding\/\"]}]},{\"@type\":\"BreadcrumbList\",\"@id\":\"https:\/\/www.1trueid.net\/it\/technology\/coding\/#breadcrumb\",\"itemListElement\":[{\"@type\":\"ListItem\",\"position\":1,\"name\":\"Home\",\"item\":\"https:\/\/www.1trueid.net\/it\/\"},{\"@type\":\"ListItem\",\"position\":2,\"name\":\"Tecnologia\",\"item\":\"https:\/\/www.1trueid.net\/it\/technology\/\"},{\"@type\":\"ListItem\",\"position\":3,\"name\":\"Coding\"}]},{\"@type\":\"WebSite\",\"@id\":\"https:\/\/www.1trueid.net\/it\/#website\",\"url\":\"https:\/\/www.1trueid.net\/it\/\",\"name\":\"1TrueID\",\"description\":\"The One True ID blockchain\",\"publisher\":{\"@id\":\"https:\/\/www.1trueid.net\/it\/#organization\"},\"potentialAction\":[{\"@type\":\"SearchAction\",\"target\":{\"@type\":\"EntryPoint\",\"urlTemplate\":\"https:\/\/www.1trueid.net\/it\/?s={search_term_string}\"},\"query-input\":{\"@type\":\"PropertyValueSpecification\",\"valueRequired\":true,\"valueName\":\"search_term_string\"}}],\"inLanguage\":\"it-IT\"},{\"@type\":\"Organization\",\"@id\":\"https:\/\/www.1trueid.net\/it\/#organization\",\"name\":\"1Trueid\",\"url\":\"https:\/\/www.1trueid.net\/it\/\",\"logo\":{\"@type\":\"ImageObject\",\"inLanguage\":\"it-IT\",\"@id\":\"https:\/\/www.1trueid.net\/it\/#\/schema\/logo\/image\/\",\"url\":\"https:\/\/www.1trueid.net\/wp-content\/uploads\/2021\/06\/stiky1tid.png\",\"contentUrl\":\"https:\/\/www.1trueid.net\/wp-content\/uploads\/2021\/06\/stiky1tid.png\",\"width\":150,\"height\":43,\"caption\":\"1Trueid\"},\"image\":{\"@id\":\"https:\/\/www.1trueid.net\/it\/#\/schema\/logo\/image\/\"}}]}<\/script>\n<!-- \/ Yoast SEO Premium plugin. -->","yoast_head_json":{"title":"Coding per Tracciabilit\u00e0 e Anticontraffazione: QR Code, UHF e NFC","description":"Scopri i 3 livelli di coding per la tracciabilit\u00e0 e anticontraffazione: QR Code, tag UHF e tag NFC. Soluzioni avanzate per proteggere i tuoi prodotti con la tecnologia 1trueId","robots":{"index":"index","follow":"follow","max-snippet":"max-snippet:-1","max-image-preview":"max-image-preview:large","max-video-preview":"max-video-preview:-1"},"canonical":"https:\/\/www.1trueid.net\/it\/technology\/coding\/","og_locale":"it_IT","og_type":"article","og_title":"Coding","og_description":"Scopri i 3 livelli di coding per la tracciabilit\u00e0 e anticontraffazione: QR Code, tag UHF e tag NFC. Soluzioni avanzate per proteggere i tuoi prodotti con la tecnologia 1trueId","og_url":"https:\/\/www.1trueid.net\/it\/technology\/coding\/","og_site_name":"1TrueID","article_modified_time":"2025-05-09T07:23:41+00:00","twitter_card":"summary_large_image","twitter_misc":{"Tempo di lettura stimato":"3 minuti"},"schema":{"@context":"https:\/\/schema.org","@graph":[{"@type":"WebPage","@id":"https:\/\/www.1trueid.net\/it\/technology\/coding\/","url":"https:\/\/www.1trueid.net\/it\/technology\/coding\/","name":"Coding per Tracciabilit\u00e0 e Anticontraffazione: QR Code, UHF e NFC","isPartOf":{"@id":"https:\/\/www.1trueid.net\/it\/#website"},"datePublished":"2025-01-28T09:00:10+00:00","dateModified":"2025-05-09T07:23:41+00:00","description":"Scopri i 3 livelli di coding per la tracciabilit\u00e0 e anticontraffazione: QR Code, tag UHF e tag NFC. Soluzioni avanzate per proteggere i tuoi prodotti con la tecnologia 1trueId","breadcrumb":{"@id":"https:\/\/www.1trueid.net\/it\/technology\/coding\/#breadcrumb"},"inLanguage":"it-IT","potentialAction":[{"@type":"ReadAction","target":["https:\/\/www.1trueid.net\/it\/technology\/coding\/"]}]},{"@type":"BreadcrumbList","@id":"https:\/\/www.1trueid.net\/it\/technology\/coding\/#breadcrumb","itemListElement":[{"@type":"ListItem","position":1,"name":"Home","item":"https:\/\/www.1trueid.net\/it\/"},{"@type":"ListItem","position":2,"name":"Tecnologia","item":"https:\/\/www.1trueid.net\/it\/technology\/"},{"@type":"ListItem","position":3,"name":"Coding"}]},{"@type":"WebSite","@id":"https:\/\/www.1trueid.net\/it\/#website","url":"https:\/\/www.1trueid.net\/it\/","name":"1TrueID","description":"The One True ID blockchain","publisher":{"@id":"https:\/\/www.1trueid.net\/it\/#organization"},"potentialAction":[{"@type":"SearchAction","target":{"@type":"EntryPoint","urlTemplate":"https:\/\/www.1trueid.net\/it\/?s={search_term_string}"},"query-input":{"@type":"PropertyValueSpecification","valueRequired":true,"valueName":"search_term_string"}}],"inLanguage":"it-IT"},{"@type":"Organization","@id":"https:\/\/www.1trueid.net\/it\/#organization","name":"1Trueid","url":"https:\/\/www.1trueid.net\/it\/","logo":{"@type":"ImageObject","inLanguage":"it-IT","@id":"https:\/\/www.1trueid.net\/it\/#\/schema\/logo\/image\/","url":"https:\/\/www.1trueid.net\/wp-content\/uploads\/2021\/06\/stiky1tid.png","contentUrl":"https:\/\/www.1trueid.net\/wp-content\/uploads\/2021\/06\/stiky1tid.png","width":150,"height":43,"caption":"1Trueid"},"image":{"@id":"https:\/\/www.1trueid.net\/it\/#\/schema\/logo\/image\/"}}]}},"_links":{"self":[{"href":"https:\/\/www.1trueid.net\/it\/wp-json\/wp\/v2\/pages\/34364"}],"collection":[{"href":"https:\/\/www.1trueid.net\/it\/wp-json\/wp\/v2\/pages"}],"about":[{"href":"https:\/\/www.1trueid.net\/it\/wp-json\/wp\/v2\/types\/page"}],"author":[{"embeddable":true,"href":"https:\/\/www.1trueid.net\/it\/wp-json\/wp\/v2\/users\/4"}],"replies":[{"embeddable":true,"href":"https:\/\/www.1trueid.net\/it\/wp-json\/wp\/v2\/comments?post=34364"}],"version-history":[{"count":6,"href":"https:\/\/www.1trueid.net\/it\/wp-json\/wp\/v2\/pages\/34364\/revisions"}],"predecessor-version":[{"id":34785,"href":"https:\/\/www.1trueid.net\/it\/wp-json\/wp\/v2\/pages\/34364\/revisions\/34785"}],"up":[{"embeddable":true,"href":"https:\/\/www.1trueid.net\/it\/wp-json\/wp\/v2\/pages\/34522"}],"wp:attachment":[{"href":"https:\/\/www.1trueid.net\/it\/wp-json\/wp\/v2\/media?parent=34364"}],"curies":[{"name":"wp","href":"https:\/\/api.w.org\/{rel}","templated":true}]}}