{"id":34376,"date":"2025-01-28T10:43:07","date_gmt":"2025-01-28T09:43:07","guid":{"rendered":"https:\/\/www.1trueid.net\/app\/"},"modified":"2025-05-12T12:36:34","modified_gmt":"2025-05-12T10:36:34","slug":"app","status":"publish","type":"page","link":"https:\/\/www.1trueid.net\/it\/technology\/app\/","title":{"rendered":"App"},"content":{"rendered":"<p>[vc_row css=&#8221;.vc_custom_1458824341746{margin-bottom: 0px !important;}&#8221; el_id=&#8221;details&#8221;][vc_column][vc_column_text]<\/p>\n<h3 style=\"text-align: center;\"><span style=\"color: #000000;\">App gratuita presente su GooglePlay e AppStore che consente di:<\/span><\/h3>\n<p>[\/vc_column_text]<div class=\"clearboth\"><\/div><style>#thegem-divider-6a04775c72b39 {margin-top: 70px !important;}<\/style><div id=\"thegem-divider-6a04775c72b39\" class=\"gem-divider  \" style=\"\" ><\/div>[\/vc_column][\/vc_row][vc_row css=&#8221;.vc_custom_1458824341746{margin-bottom: 0px !important;}&#8221;][vc_column]<div class=\"clearboth\"><\/div><style>#thegem-divider-6a04775c72b89 {margin-top: 70px !important;}<\/style><div id=\"thegem-divider-6a04775c72b89\" class=\"gem-divider  \" style=\"\" ><\/div>[\/vc_column][\/vc_row][vc_row][vc_column offset=&#8221;vc_col-lg-4&#8243; el_id=&#8221;Verificare l\u2019autenticit\u00e0 dei prodotti&#8221;]<div class=\"quickfinder quickfinder-style-classic row inline-row quickfinder-icon-position-center-float quickfinder-alignment-right quickfinder-title-thin quickfinder-equal-height\"><div id=\"post-34380\" class=\"quickfinder-item inline-column col-md-12 col-sm-12 col-xs-12 quickfinder-item-effect-simple icon-size-small quickfinder-box-style-solid post-34380 thegem_qf_item type-thegem_qf_item status-publish\" data-ll-item-delay=\"0\"> <div class=\"quickfinder-item-box\" style=\"\"> <div class=\"quickfinder-item-table\">\t<div class=\"quickfinder-item-inner\"> <div class=\"quickfinder-item-info-wrapper\"> <div class=\"quickfinder-item-info \" > <div class=\"quickfinder-item-title\" style=\"color: #000000;\">Verificare l&#8217;autenticit\u00e0 dei prodotti<\/div> <\/div> <\/div> <div class=\"quickfinder-item-image\"> <div class=\"quickfinder-item-image-content \" > <div class=\"quickfinder-item-image-wrapper\"> <div class=\"gem-icon gem-icon-pack-userpack gem-icon-size-small gem-icon-shape-circle gem-simple-icon\" style=\"opacity: 1;\"><div class=\"gem-icon-inner\" style=\"\"><span class=\"gem-icon-half-1\" style=\"color: #36adbe;\"><span class=\"back-angle\">&#xe90d;<\/span><\/span><span class=\"gem-icon-half-2\" style=\"color: #36adbe;\"><span class=\"back-angle\">&#xe90d;<\/span><\/span><\/div><\/div> <\/div> <\/div> <\/div> <\/div> <\/div>\t<\/div> <a href=\"https:\/\/www.1trueid.net\/it\/technology\/app\/authenticity\/\" target=\"_self\" class=\"quickfinder-item-link\"><\/a> <\/div> <div id=\"post-34399\" class=\"quickfinder-item inline-column col-md-12 col-sm-12 col-xs-12 quickfinder-item-effect-simple icon-size-small quickfinder-box-style-solid post-34399 thegem_qf_item type-thegem_qf_item status-publish\" data-ll-item-delay=\"0\"> <div class=\"quickfinder-item-box\" style=\"\"> <div class=\"quickfinder-item-table\">\t<div class=\"quickfinder-item-inner\"> <div class=\"quickfinder-item-info-wrapper\"> <div class=\"quickfinder-item-info \" > <div class=\"quickfinder-item-title\" style=\"color: #000000;\">Gestire la propriet\u00e0 del prodotto<\/div> <\/div> <\/div> <div class=\"quickfinder-item-image\"> <div class=\"quickfinder-item-image-content \" > <div class=\"quickfinder-item-image-wrapper\"> <div class=\"gem-icon gem-icon-pack-userpack gem-icon-size-small gem-icon-shape-circle gem-simple-icon\" style=\"opacity: 1;\"><div class=\"gem-icon-inner\" style=\"\"><span class=\"gem-icon-half-1\" style=\"color: #36adbe;\"><span class=\"back-angle\">&#xe913;<\/span><\/span><span class=\"gem-icon-half-2\" style=\"color: #36adbe;\"><span class=\"back-angle\">&#xe913;<\/span><\/span><\/div><\/div> <\/div> <\/div> <\/div> <\/div> <\/div>\t<\/div> <a href=\"https:\/\/www.1trueid.net\/it\/technology\/app\/manage-products-ownership\/\" target=\"_self\" class=\"quickfinder-item-link\"><\/a> <\/div> <div id=\"post-34403\" class=\"quickfinder-item inline-column col-md-12 col-sm-12 col-xs-12 quickfinder-item-effect-simple icon-size-small quickfinder-box-style-solid post-34403 thegem_qf_item type-thegem_qf_item status-publish\" data-ll-item-delay=\"0\"> <div class=\"quickfinder-item-box\" style=\"\"> <div class=\"quickfinder-item-table\">\t<div class=\"quickfinder-item-inner\"> <div class=\"quickfinder-item-info-wrapper\"> <div class=\"quickfinder-item-info \" > <div class=\"quickfinder-item-title\" style=\"color: #000000;\">Ottenere ricompense<\/div> <\/div> <\/div> <div class=\"quickfinder-item-image\"> <div class=\"quickfinder-item-image-content \" > <div class=\"quickfinder-item-image-wrapper\"> <div class=\"gem-icon gem-icon-pack-userpack gem-icon-size-small gem-icon-shape-circle gem-simple-icon\" style=\"opacity: 1;\"><div class=\"gem-icon-inner\" style=\"\"><span class=\"gem-icon-half-1\" style=\"color: #36adbe;\"><span class=\"back-angle\">&#xe914;<\/span><\/span><span class=\"gem-icon-half-2\" style=\"color: #36adbe;\"><span class=\"back-angle\">&#xe914;<\/span><\/span><\/div><\/div> <\/div> <\/div> <\/div> <\/div> <\/div>\t<\/div> <a href=\"https:\/\/www.1trueid.net\/it\/technology\/app\/earn-rewards\/\" target=\"_self\" class=\"quickfinder-item-link\"><\/a> <\/div> <\/div>[\/vc_column][vc_column offset=&#8221;vc_col-lg-4&#8243;][vc_images_carousel images=&#8221;34305,34307,34309,34311,34313,34315&#8243; img_size=&#8221;full&#8221; onclick=&#8221;link_no&#8221; speed=&#8221;6000&#8243; autoplay=&#8221;yes&#8221; hide_pagination_control=&#8221;yes&#8221; hide_prev_next_buttons=&#8221;yes&#8221;][\/vc_column][vc_column offset=&#8221;vc_col-lg-4&#8243;]<div class=\"quickfinder quickfinder-style-classic row inline-row quickfinder-icon-position-center-float quickfinder-alignment-left quickfinder-title-thin quickfinder-equal-height\"><div id=\"post-34382\" class=\"quickfinder-item inline-column col-md-12 col-sm-12 col-xs-12 quickfinder-item-effect-simple icon-size-small quickfinder-box-style-solid post-34382 thegem_qf_item type-thegem_qf_item status-publish\" data-ll-item-delay=\"0\"> <div class=\"quickfinder-item-box\" style=\"\"> <div class=\"quickfinder-item-table\">\t<div class=\"quickfinder-item-inner\"> <div class=\"quickfinder-item-image\"> <div class=\"quickfinder-item-image-content\" > <div class=\"quickfinder-item-image-wrapper\"> <div class=\"gem-icon gem-icon-pack-userpack gem-icon-size-small gem-icon-shape-circle gem-simple-icon\" style=\"opacity: 1;\"><div class=\"gem-icon-inner\" style=\"\"><span class=\"gem-icon-half-1\" style=\"color: #36adbe;\"><span class=\"back-angle\">&#xe917;<\/span><\/span><span class=\"gem-icon-half-2\" style=\"color: #36adbe;\"><span class=\"back-angle\">&#xe917;<\/span><\/span><\/div><\/div> <\/div> <\/div> <\/div> <div class=\"quickfinder-item-info-wrapper\"> <div class=\"quickfinder-item-info \" > <div class=\"quickfinder-item-title\" style=\"color: #000000;\">Ottenere informazioni tecniche<\/div> <\/div> <\/div> <\/div> <\/div>\t<\/div> <a href=\"https:\/\/www.1trueid.net\/it\/technology\/app\/obtaining-technical-information\/\" target=\"_self\" class=\"quickfinder-item-link\"><\/a> <\/div> <div id=\"post-34395\" class=\"quickfinder-item inline-column col-md-12 col-sm-12 col-xs-12 quickfinder-item-effect-simple icon-size-small quickfinder-box-style-solid post-34395 thegem_qf_item type-thegem_qf_item status-publish\" data-ll-item-delay=\"0\"> <div class=\"quickfinder-item-box\" style=\"\"> <div class=\"quickfinder-item-table\">\t<div class=\"quickfinder-item-inner\"> <div class=\"quickfinder-item-image\"> <div class=\"quickfinder-item-image-content\" > <div class=\"quickfinder-item-image-wrapper\"> <div class=\"gem-icon gem-icon-pack-userpack gem-icon-size-small gem-icon-shape-circle gem-simple-icon\" style=\"opacity: 1;\"><div class=\"gem-icon-inner\" style=\"\"><span class=\"gem-icon-half-1\" style=\"color: #36adbe;\"><span class=\"back-angle\">&#xe916;<\/span><\/span><span class=\"gem-icon-half-2\" style=\"color: #36adbe;\"><span class=\"back-angle\">&#xe916;<\/span><\/span><\/div><\/div> <\/div> <\/div> <\/div> <div class=\"quickfinder-item-info-wrapper\"> <div class=\"quickfinder-item-info \" > <div class=\"quickfinder-item-title\" style=\"color: #000000;\">Gestire il proprio wallet<\/div> <\/div> <\/div> <\/div> <\/div>\t<\/div> <a href=\"https:\/\/www.1trueid.net\/it\/technology\/app\/wallet-management\/\" target=\"_self\" class=\"quickfinder-item-link\"><\/a> <\/div> <div id=\"post-34401\" class=\"quickfinder-item inline-column col-md-12 col-sm-12 col-xs-12 quickfinder-item-effect-simple icon-size-small quickfinder-box-style-solid post-34401 thegem_qf_item type-thegem_qf_item status-publish\" data-ll-item-delay=\"0\"> <div class=\"quickfinder-item-box\" style=\"\"> <div class=\"quickfinder-item-table\">\t<div class=\"quickfinder-item-inner\"> <div class=\"quickfinder-item-image\"> <div class=\"quickfinder-item-image-content\" > <div class=\"quickfinder-item-image-wrapper\"> <div class=\"gem-icon gem-icon-pack-userpack gem-icon-size-small gem-icon-shape-circle gem-simple-icon\" style=\"opacity: 1;\"><div class=\"gem-icon-inner\" style=\"\"><span class=\"gem-icon-half-1\" style=\"color: #36adbe;\"><span class=\"back-angle\">&#xe910;<\/span><\/span><span class=\"gem-icon-half-2\" style=\"color: #36adbe;\"><span class=\"back-angle\">&#xe910;<\/span><\/span><\/div><\/div> <\/div> <\/div> <\/div> <div class=\"quickfinder-item-info-wrapper\"> <div class=\"quickfinder-item-info \" > <div class=\"quickfinder-item-title\" style=\"color: #000000;\">Fidelizzare il cliente<\/div> <\/div> <\/div> <\/div> <\/div>\t<\/div> <a href=\"https:\/\/www.1trueid.net\/it\/technology\/app\/create-customer-engagement\/\" target=\"_self\" class=\"quickfinder-item-link\"><\/a> <\/div> <\/div>[\/vc_column][\/vc_row][vc_row][vc_column]<div class=\"clearboth\"><\/div><div id=\"thegem-divider-6a04775c75803\" class=\"gem-divider  \" style=\"\" ><\/div>[\/vc_column][\/vc_row]<\/p>\n<p>[vc_row css=&#8221;.vc_custom_1741345839992{padding-top: 32px !important;}&#8221;][vc_column width=&#8221;1\/4&#8243;][\/vc_column][vc_column width=&#8221;1\/4&#8243;][vc_single_image image=&#8221;34801&#8243; img_size=&#8221;full&#8221; alignment=&#8221;center&#8221; onclick=&#8221;custom_link&#8221; link=&#8221;https:\/\/play.google.com\/store\/apps\/details?id=com.onetrueid_mobile_app&#8221;][\/vc_column][vc_column width=&#8221;1\/4&#8243;][vc_single_image image=&#8221;34803&#8243; img_size=&#8221;full&#8221; alignment=&#8221;center&#8221; onclick=&#8221;custom_link&#8221; link=&#8221;https:\/\/apps.apple.com\/it\/app\/1trueid\/id6741803463?l=en-GB&#8221;][\/vc_column][vc_column width=&#8221;1\/4&#8243;][\/vc_column][\/vc_row]<\/p>\n","protected":false},"excerpt":{"rendered":"<p>[vc_row css=&#8221;.vc_custom_1458824341746{margin-bottom: 0px !important;}&#8221; el_id=&#8221;details&#8221;][vc_column][vc_column_text] App gratuita presente su GooglePlay e AppStore che consente di: [\/vc_column_text][\/vc_column][\/vc_row][vc_row css=&#8221;.vc_custom_1458824341746{margin-bottom: 0px !important;}&#8221;][vc_column][\/vc_column][\/vc_row][vc_row][vc_column offset=&#8221;vc_col-lg-4&#8243;&#8230;<\/p>\n","protected":false},"author":4,"featured_media":0,"parent":34522,"menu_order":2,"comment_status":"closed","ping_status":"closed","template":"","meta":{"footnotes":""},"class_list":["post-34376","page","type-page","status-publish"],"yoast_head":"<!-- This site is optimized with the Yoast SEO Premium plugin v20.7 (Yoast SEO v25.6) - https:\/\/yoast.com\/wordpress\/plugins\/seo\/ -->\n<title>App 1trueId | Verifica Autenticit\u00e0, Wallet e Ricompense<\/title>\n<meta name=\"description\" content=\"Scarica l&#039;app 1trueId su Google Play e App Store. Verifica l&#039;autenticit\u00e0 dei prodotti, gestisci il tuo wallet e la propriet\u00e0, e accedi a premi e ricompense esclusive.\" \/>\n<meta name=\"robots\" content=\"index, follow, max-snippet:-1, max-image-preview:large, max-video-preview:-1\" \/>\n<link rel=\"canonical\" href=\"https:\/\/www.1trueid.net\/it\/technology\/app\/\" \/>\n<meta property=\"og:locale\" content=\"it_IT\" \/>\n<meta property=\"og:type\" content=\"article\" \/>\n<meta property=\"og:title\" content=\"App\" \/>\n<meta property=\"og:description\" content=\"Scarica l&#039;app 1trueId su Google Play e App Store. Verifica l&#039;autenticit\u00e0 dei prodotti, gestisci il tuo wallet e la propriet\u00e0, e accedi a premi e ricompense esclusive.\" \/>\n<meta property=\"og:url\" content=\"https:\/\/www.1trueid.net\/it\/technology\/app\/\" \/>\n<meta property=\"og:site_name\" content=\"1TrueID\" \/>\n<meta property=\"article:modified_time\" content=\"2025-05-12T10:36:34+00:00\" \/>\n<meta name=\"twitter:card\" content=\"summary_large_image\" \/>\n<meta name=\"twitter:label1\" content=\"Tempo di lettura stimato\" \/>\n\t<meta name=\"twitter:data1\" content=\"2 minuti\" \/>\n<script type=\"application\/ld+json\" class=\"yoast-schema-graph\">{\"@context\":\"https:\/\/schema.org\",\"@graph\":[{\"@type\":\"WebPage\",\"@id\":\"https:\/\/www.1trueid.net\/it\/technology\/app\/\",\"url\":\"https:\/\/www.1trueid.net\/it\/technology\/app\/\",\"name\":\"App 1trueId | Verifica Autenticit\u00e0, Wallet e Ricompense\",\"isPartOf\":{\"@id\":\"https:\/\/www.1trueid.net\/it\/#website\"},\"datePublished\":\"2025-01-28T09:43:07+00:00\",\"dateModified\":\"2025-05-12T10:36:34+00:00\",\"description\":\"Scarica l'app 1trueId su Google Play e App Store. Verifica l'autenticit\u00e0 dei prodotti, gestisci il tuo wallet e la propriet\u00e0, e accedi a premi e ricompense esclusive.\",\"breadcrumb\":{\"@id\":\"https:\/\/www.1trueid.net\/it\/technology\/app\/#breadcrumb\"},\"inLanguage\":\"it-IT\",\"potentialAction\":[{\"@type\":\"ReadAction\",\"target\":[\"https:\/\/www.1trueid.net\/it\/technology\/app\/\"]}]},{\"@type\":\"BreadcrumbList\",\"@id\":\"https:\/\/www.1trueid.net\/it\/technology\/app\/#breadcrumb\",\"itemListElement\":[{\"@type\":\"ListItem\",\"position\":1,\"name\":\"Home\",\"item\":\"https:\/\/www.1trueid.net\/it\/\"},{\"@type\":\"ListItem\",\"position\":2,\"name\":\"Tecnologia\",\"item\":\"https:\/\/www.1trueid.net\/it\/technology\/\"},{\"@type\":\"ListItem\",\"position\":3,\"name\":\"App\"}]},{\"@type\":\"WebSite\",\"@id\":\"https:\/\/www.1trueid.net\/it\/#website\",\"url\":\"https:\/\/www.1trueid.net\/it\/\",\"name\":\"1TrueID\",\"description\":\"The One True ID blockchain\",\"publisher\":{\"@id\":\"https:\/\/www.1trueid.net\/it\/#organization\"},\"potentialAction\":[{\"@type\":\"SearchAction\",\"target\":{\"@type\":\"EntryPoint\",\"urlTemplate\":\"https:\/\/www.1trueid.net\/it\/?s={search_term_string}\"},\"query-input\":{\"@type\":\"PropertyValueSpecification\",\"valueRequired\":true,\"valueName\":\"search_term_string\"}}],\"inLanguage\":\"it-IT\"},{\"@type\":\"Organization\",\"@id\":\"https:\/\/www.1trueid.net\/it\/#organization\",\"name\":\"1Trueid\",\"url\":\"https:\/\/www.1trueid.net\/it\/\",\"logo\":{\"@type\":\"ImageObject\",\"inLanguage\":\"it-IT\",\"@id\":\"https:\/\/www.1trueid.net\/it\/#\/schema\/logo\/image\/\",\"url\":\"https:\/\/www.1trueid.net\/wp-content\/uploads\/2021\/06\/stiky1tid.png\",\"contentUrl\":\"https:\/\/www.1trueid.net\/wp-content\/uploads\/2021\/06\/stiky1tid.png\",\"width\":150,\"height\":43,\"caption\":\"1Trueid\"},\"image\":{\"@id\":\"https:\/\/www.1trueid.net\/it\/#\/schema\/logo\/image\/\"}}]}<\/script>\n<!-- \/ Yoast SEO Premium plugin. -->","yoast_head_json":{"title":"App 1trueId | Verifica Autenticit\u00e0, Wallet e Ricompense","description":"Scarica l'app 1trueId su Google Play e App Store. Verifica l'autenticit\u00e0 dei prodotti, gestisci il tuo wallet e la propriet\u00e0, e accedi a premi e ricompense esclusive.","robots":{"index":"index","follow":"follow","max-snippet":"max-snippet:-1","max-image-preview":"max-image-preview:large","max-video-preview":"max-video-preview:-1"},"canonical":"https:\/\/www.1trueid.net\/it\/technology\/app\/","og_locale":"it_IT","og_type":"article","og_title":"App","og_description":"Scarica l'app 1trueId su Google Play e App Store. Verifica l'autenticit\u00e0 dei prodotti, gestisci il tuo wallet e la propriet\u00e0, e accedi a premi e ricompense esclusive.","og_url":"https:\/\/www.1trueid.net\/it\/technology\/app\/","og_site_name":"1TrueID","article_modified_time":"2025-05-12T10:36:34+00:00","twitter_card":"summary_large_image","twitter_misc":{"Tempo di lettura stimato":"2 minuti"},"schema":{"@context":"https:\/\/schema.org","@graph":[{"@type":"WebPage","@id":"https:\/\/www.1trueid.net\/it\/technology\/app\/","url":"https:\/\/www.1trueid.net\/it\/technology\/app\/","name":"App 1trueId | Verifica Autenticit\u00e0, Wallet e Ricompense","isPartOf":{"@id":"https:\/\/www.1trueid.net\/it\/#website"},"datePublished":"2025-01-28T09:43:07+00:00","dateModified":"2025-05-12T10:36:34+00:00","description":"Scarica l'app 1trueId su Google Play e App Store. Verifica l'autenticit\u00e0 dei prodotti, gestisci il tuo wallet e la propriet\u00e0, e accedi a premi e ricompense esclusive.","breadcrumb":{"@id":"https:\/\/www.1trueid.net\/it\/technology\/app\/#breadcrumb"},"inLanguage":"it-IT","potentialAction":[{"@type":"ReadAction","target":["https:\/\/www.1trueid.net\/it\/technology\/app\/"]}]},{"@type":"BreadcrumbList","@id":"https:\/\/www.1trueid.net\/it\/technology\/app\/#breadcrumb","itemListElement":[{"@type":"ListItem","position":1,"name":"Home","item":"https:\/\/www.1trueid.net\/it\/"},{"@type":"ListItem","position":2,"name":"Tecnologia","item":"https:\/\/www.1trueid.net\/it\/technology\/"},{"@type":"ListItem","position":3,"name":"App"}]},{"@type":"WebSite","@id":"https:\/\/www.1trueid.net\/it\/#website","url":"https:\/\/www.1trueid.net\/it\/","name":"1TrueID","description":"The One True ID blockchain","publisher":{"@id":"https:\/\/www.1trueid.net\/it\/#organization"},"potentialAction":[{"@type":"SearchAction","target":{"@type":"EntryPoint","urlTemplate":"https:\/\/www.1trueid.net\/it\/?s={search_term_string}"},"query-input":{"@type":"PropertyValueSpecification","valueRequired":true,"valueName":"search_term_string"}}],"inLanguage":"it-IT"},{"@type":"Organization","@id":"https:\/\/www.1trueid.net\/it\/#organization","name":"1Trueid","url":"https:\/\/www.1trueid.net\/it\/","logo":{"@type":"ImageObject","inLanguage":"it-IT","@id":"https:\/\/www.1trueid.net\/it\/#\/schema\/logo\/image\/","url":"https:\/\/www.1trueid.net\/wp-content\/uploads\/2021\/06\/stiky1tid.png","contentUrl":"https:\/\/www.1trueid.net\/wp-content\/uploads\/2021\/06\/stiky1tid.png","width":150,"height":43,"caption":"1Trueid"},"image":{"@id":"https:\/\/www.1trueid.net\/it\/#\/schema\/logo\/image\/"}}]}},"_links":{"self":[{"href":"https:\/\/www.1trueid.net\/it\/wp-json\/wp\/v2\/pages\/34376"}],"collection":[{"href":"https:\/\/www.1trueid.net\/it\/wp-json\/wp\/v2\/pages"}],"about":[{"href":"https:\/\/www.1trueid.net\/it\/wp-json\/wp\/v2\/types\/page"}],"author":[{"embeddable":true,"href":"https:\/\/www.1trueid.net\/it\/wp-json\/wp\/v2\/users\/4"}],"replies":[{"embeddable":true,"href":"https:\/\/www.1trueid.net\/it\/wp-json\/wp\/v2\/comments?post=34376"}],"version-history":[{"count":4,"href":"https:\/\/www.1trueid.net\/it\/wp-json\/wp\/v2\/pages\/34376\/revisions"}],"predecessor-version":[{"id":34806,"href":"https:\/\/www.1trueid.net\/it\/wp-json\/wp\/v2\/pages\/34376\/revisions\/34806"}],"up":[{"embeddable":true,"href":"https:\/\/www.1trueid.net\/it\/wp-json\/wp\/v2\/pages\/34522"}],"wp:attachment":[{"href":"https:\/\/www.1trueid.net\/it\/wp-json\/wp\/v2\/media?parent=34376"}],"curies":[{"name":"wp","href":"https:\/\/api.w.org\/{rel}","templated":true}]}}