{"id":34437,"date":"2025-01-28T09:28:35","date_gmt":"2025-01-28T08:28:35","guid":{"rendered":"https:\/\/www.1trueid.net\/about-us\/"},"modified":"2025-06-18T09:32:42","modified_gmt":"2025-06-18T07:32:42","slug":"it-chi-siamo","status":"publish","type":"page","link":"https:\/\/www.1trueid.net\/it\/it-chi-siamo\/","title":{"rendered":"Chi siamo"},"content":{"rendered":"<p>[vc_row full_width=&#8221;stretch_row&#8221; equal_height=&#8221;yes&#8221; css=&#8221;.vc_custom_1514376367963{margin-bottom: 0px !important;}&#8221;][vc_column offset=&#8221;vc_col-lg-8 vc_col-md-7&#8243;]<div class=\"clearboth\"><\/div><style>#thegem-divider-6a046c380b260 {margin-top: 20px !important;}<\/style><div id=\"thegem-divider-6a046c380b260\" class=\"gem-divider  \" style=\"\" ><\/div>[vc_column_text]<\/p>\n<div class=\"title-h1\" style=\"letter-spacing: 0;\"><span style=\"color: #000000;\">1TrueID<\/span><\/div>\n<p>[\/vc_column_text]<div class=\"clearboth\"><\/div><style>#thegem-divider-6a046c380b32c {margin-top: 45px !important;}<\/style><div id=\"thegem-divider-6a046c380b32c\" class=\"gem-divider  \" style=\"\" ><\/div>[vc_column_text]<\/p>\n<div class=\"styled-subtitle\"><span style=\"color: #000000;\">Fondata nel 2016 come startup innovativa, 1TrueID si distingue per aver sviluppato una soluzione avanzata di codifica sicura, applicabile a qualsiasi tipo di prodotto. La nostra tecnologia di creazione del codice univoco si basa su un sistema di cifratura che utilizza chiavi pubbliche e private per garantire la massima sicurezza.<\/span><\/div>\n<p>[\/vc_column_text]<div class=\"clearboth\"><\/div><style>#thegem-divider-6a046c380b352 {margin-top: 45px !important;}<\/style><div id=\"thegem-divider-6a046c380b352\" class=\"gem-divider  \" style=\"\" ><\/div>[vc_row_inner][vc_column_inner offset=&#8221;vc_col-lg-6&#8243;][vc_column_text]<span style=\"color: #000000;\">Per rendere 1TrueID pi\u00f9 sicuro e trasparente per i produttori e per i consumatori abbiamo implementato il modello di business basandoci su una blockchain pubblica.<\/span><\/p>\n<p><span style=\"color: #000000;\">La creazione di un codice univoco 1TrueID corrisponde alla creazione di un certificato digitale (NFT) in blockchain. Questo certificato digitale che stabilisce anche la propriet\u00e0 del prodotto pu\u00f2 essere trasferito in modo semplice e sicuro dal wallet del produttore (proprietario originale) al wallet dell\u2019utilizzatore (nuovo proprietario).<\/span>[\/vc_column_text][\/vc_column_inner][vc_column_inner offset=&#8221;vc_col-lg-6&#8243;][vc_column_text]<span style=\"color: #000000;\">Il modello di business utilizza il codice univoco per:<\/span>[\/vc_column_text]<div class=\"gem-list gem-list-type-disc-style-1 gem-list-color-3\" ><ul>\n<li><span style=\"color: #000000;\"><strong>Livello 1<\/strong>: garantire l\u2019autenticit\u00e0 (<strong>anticontraffazione<\/strong>)<\/span><\/li>\n<li><span style=\"color: #000000;\"><strong>Livello 2<\/strong>: permettere la gestione della\u00a0<strong>tracciabilit\u00e0<\/strong><\/span><\/li>\n<li><span style=\"color: #000000;\"><strong>Livello 3<\/strong>: creare un legame tra il prodotto e il suo proprietario\/utilizzatore (<strong>fidelizzazione del cliente<\/strong>)<\/span><\/li>\n<\/ul>\n<\/div>[\/vc_column_inner][\/vc_row_inner]<div class=\"clearboth\"><\/div><style>#thegem-divider-6a046c380b418 {margin-top: 45px !important;}<\/style><div id=\"thegem-divider-6a046c380b418\" class=\"gem-divider  \" style=\"\" ><\/div>[vc_column_text]<span style=\"color: #000000;\"><strong>1TrueID in blockchain \u00e8 un brevetto registrato in Italia, Stati Uniti e Cina ed \u00e8 in via di registrazione in Europa ed \u00e8 una PMI innovativa di propriet\u00e0 di SAIT srl.<\/strong><\/span>[\/vc_column_text][\/vc_column][vc_column offset=&#8221;vc_col-lg-4 vc_col-md-5&#8243;]<div class=\"centered-box gem-image-centered-box\" ><div class=\"gem-image gem-wrapbox gem-wrapbox-style-default gem-wrapbox-position-centered lazy-loading  thegem-custom-6a046c380b4582779\"  style=\"\" ><div class=\"gem-wrapbox-inner  lazy-loading-item\"  data-ll-effect=\"move-up\"><img class=\"gem-wrapbox-element img-responsive\" src=\"https:\/\/www.1trueid.net\/wp-content\/uploads\/2025\/03\/about-1trueid.jpg\" alt=\"\"\/><\/div><\/div><\/div>[\/vc_column][vc_column][\/vc_column][vc_column][\/vc_column][\/vc_row][vc_row full_width=&#8221;stretch_row&#8221; css=&#8221;.vc_custom_1587133991684{margin-bottom: 0px !important;background-position: center !important;background-repeat: no-repeat !important;background-size: cover !important;}&#8221; custom_css_code=&#8221;JTQwbWVkaWElMjAlMjhtYXgtd2lkdGglM0ElMjAxMTk5cHglMjklN0IlMEElMjAlMjAlMjAlMjAucm93JTIwJTNFJTIwJTJBJTIwJTdCJTIwbWFyZ2luLXRvcCUzQSUyMDAlM0IlMjAlN0QlMEElMjAlMjAlMjAlMjAucm93JTIwJTdCJTIwbWFyZ2luLXRvcCUzQSUyMDAlM0IlMjAlN0QlMjAlMjAlMEElN0QlMEEud3BjZjctZm9ybSUyMGlucHV0JTVCdHlwZSUzRCUyN3N1Ym1pdCUyNyU1RCU3QiUwQSUyMCUyMCUyMCUyMGZvbnQtc2l6ZSUzQSUyMDE0cHglM0IlMEElMjAlMjAlMjAlMjBsZXR0ZXItc3BhY2luZyUzQSUyMDEuMnB4JTNCJTBBJTdEJTBBdGV4dGFyZWElMjAlN0IlMEElMjAlMjAlMjAlMjBoZWlnaHQlM0ElMjAxNDBweCUzQiUwQSU3RA==&#8221;][vc_column]<div class=\"clearboth\"><\/div><style>#thegem-divider-6a046c380b75a {margin-top: 45px !important;}<\/style><div id=\"thegem-divider-6a046c380b75a\" class=\"gem-divider  \" style=\"\" ><\/div>[\/vc_column][vc_column width=&#8221;1\/2&#8243;][vc_column_text]<\/p>\n<div class=\"title-h2\" style=\"text-align: left; margin-bottom: 20px;\"><span style=\"color: #2c2e3d;\">Contatti<\/span><\/div>\n<div style=\"width: 55px; height: 3px; background: #00bcd4; text-indent: 9999px;\">1<\/div>\n<p>[\/vc_column_text]<div class=\"clearboth\"><\/div><style>#thegem-divider-6a046c380b791 {margin-top: 55px !important;}<\/style><div id=\"thegem-divider-6a046c380b791\" class=\"gem-divider  \" style=\"\" ><\/div>[vc_column_text]1TrueID srl<br \/>\nVia S.S. Trinit\u00e0, 3<br \/>\nChiari (BS)[\/vc_column_text][vc_column_text css=&#8221;.vc_custom_1739895560970{padding-top: 10px !important;}&#8221;]<\/p>\n<div class=\"title-h6\" style=\"font-size: 14px;\">\n<div class=\"wpb_text_column wpb_content_element \">\n<div class=\"wpb_wrapper\">\n<p>Telefono: <a href=\"tel:+39 371 168 89 33\">+39 371 168 89 33<\/a><\/p>\n<p><span style=\"letter-spacing: 0.05em;\">Email: info@1trueid.com<\/span><\/p>\n<\/div>\n<\/div>\n<div class=\"wpb_text_column wpb_content_element \">\n<div class=\"wpb_wrapper\">\n<div class=\"gem-contacts-item gem-contacts-website\">Sito: www.1trueid.com<\/div>\n<\/div>\n<\/div>\n<\/div>\n<p>[\/vc_column_text]<div class=\"socials socials-list socials-colored socials-default socials-alignment-left\"><a class=\"socials-item\" target=\"_blank\" href=\"https:\/\/www.linkedin.com\/company\/1trueid\/\"><i class=\"socials-item-icon linkedin\" style=\"font-size: 16px\"><\/i><\/a><a class=\"socials-item\" target=\"_blank\" href=\"https:\/\/www.facebook.com\/1trueid\/\"><i class=\"socials-item-icon facebook\" style=\"font-size: 16px\"><\/i><\/a><a class=\"socials-item\" target=\"_blank\" href=\"https:\/\/www.instagram.com\/saitwebit\/\"><i class=\"socials-item-icon instagram\" style=\"font-size: 16px\"><\/i><\/a><a class=\"socials-item\" target=\"_blank\" href=\"https:\/\/x.com\/1TrueID\"><i class=\"socials-item-icon twitter\" style=\"font-size: 16px\"><\/i><\/a><\/div>[\/vc_column][vc_column width=&#8221;1\/2&#8243; offset=&#8221;vc_col-lg-offset-0 vc_col-md-offset-0 vc_col-sm-offset-0&#8243;]<div class=\"clearboth\"><\/div><style>#thegem-divider-6a046c380b80d {margin-top: 10px !important;}<\/style><div id=\"thegem-divider-6a046c380b80d\" class=\"gem-divider  \" style=\"\" ><\/div><div class=\"wpforms-container wpforms-container-full wpforms-render-modern\" id=\"wpforms-33820\"><form id=\"wpforms-form-33820\" class=\"wpforms-validate wpforms-form wpforms-ajax-form\" data-formid=\"33820\" method=\"post\" enctype=\"multipart\/form-data\" action=\"\/it\/wp-json\/wp\/v2\/pages\/34437\" data-token=\"46137751dad057c79e7b41be8d89804f\" data-token-time=\"1778674744\"><noscript class=\"wpforms-error-noscript\">Abilita JavaScript nel browser per completare questo modulo.<\/noscript><div class=\"wpforms-hidden\" id=\"wpforms-error-noscript\">Abilita JavaScript nel browser per completare questo modulo.<\/div><div class=\"wpforms-field-container\"><div id=\"wpforms-33820-field_1-container\" class=\"wpforms-field wpforms-field-name\" data-field-id=\"1\"><fieldset><legend class=\"wpforms-field-label wpforms-label-hide\" aria-hidden=\"false\">Nome <span class=\"wpforms-required-label\" aria-hidden=\"true\">*<\/span><\/legend><div class=\"wpforms-field-row wpforms-field-large\"><div class=\"wpforms-field-row-block wpforms-first wpforms-one-half\"><input type=\"text\" id=\"wpforms-33820-field_1\" class=\"wpforms-field-name-first wpforms-field-required\" name=\"wpforms[fields][1][first]\" placeholder=\"Nome\" aria-errormessage=\"wpforms-33820-field_1-error\" required><label for=\"wpforms-33820-field_1\" class=\"wpforms-field-sublabel after wpforms-sublabel-hide\">Nome<\/label><\/div><div class=\"wpforms-field-row-block wpforms-one-half\"><input type=\"text\" id=\"wpforms-33820-field_1-last\" class=\"wpforms-field-name-last wpforms-field-required\" name=\"wpforms[fields][1][last]\" placeholder=\"Cognome\" aria-errormessage=\"wpforms-33820-field_1-last-error\" required><label for=\"wpforms-33820-field_1-last\" class=\"wpforms-field-sublabel after wpforms-sublabel-hide\">Cognome<\/label><\/div><\/div><\/fieldset><\/div><div id=\"wpforms-33820-field_2-container\" class=\"wpforms-field wpforms-field-email\" data-field-id=\"2\"><label class=\"wpforms-field-label wpforms-label-hide\" for=\"wpforms-33820-field_2\" aria-hidden=\"false\">Email <span class=\"wpforms-required-label\" aria-hidden=\"true\">*<\/span><\/label><input type=\"email\" id=\"wpforms-33820-field_2\" class=\"wpforms-field-large wpforms-field-required\" name=\"wpforms[fields][2]\" placeholder=\"Email\" spellcheck=\"false\" aria-errormessage=\"wpforms-33820-field_2-error\" required><\/div><div id=\"wpforms-33820-field_3-container\" class=\"wpforms-field wpforms-field-textarea\" data-field-id=\"3\"><label class=\"wpforms-field-label wpforms-label-hide\" for=\"wpforms-33820-field_3\" aria-hidden=\"false\">Commento o Messaggio <span class=\"wpforms-required-label\" aria-hidden=\"true\">*<\/span><\/label><textarea id=\"wpforms-33820-field_3\" class=\"wpforms-field-large wpforms-field-required\" name=\"wpforms[fields][3]\" placeholder=\"Commento o Messaggio\" aria-errormessage=\"wpforms-33820-field_3-error\" required><\/textarea><\/div><div id=\"wpforms-33820-field_4-container\" class=\"wpforms-field wpforms-field-checkbox\" data-field-id=\"4\"><fieldset><legend class=\"wpforms-field-label wpforms-label-hide\" aria-hidden=\"false\">Checkboxes <span class=\"wpforms-required-label\" aria-hidden=\"true\">*<\/span><\/legend><ul id=\"wpforms-33820-field_4\" class=\"wpforms-field-required\"><li class=\"choice-1 depth-1\"><input type=\"checkbox\" id=\"wpforms-33820-field_4_1\" name=\"wpforms[fields][4][]\" value=\"Ho letto l&#039;informativa sulla privacy e acconsento al trattamento dei miei dati personali per ricevere informazioni, promozioni e attivit\u00e0 da 1TrueID.\" aria-errormessage=\"wpforms-33820-field_4_1-error\" required ><label class=\"wpforms-field-label-inline\" for=\"wpforms-33820-field_4_1\">Ho letto l'informativa sulla privacy e acconsento al trattamento dei miei dati personali per ricevere informazioni, promozioni e attivit\u00e0 da 1TrueID.<\/label><\/li><\/ul><\/fieldset><\/div><\/div><!-- .wpforms-field-container --><div class=\"wpforms-submit-container\" ><input type=\"hidden\" name=\"wpforms[id]\" value=\"33820\"><input type=\"hidden\" name=\"page_title\" value=\"\"><input type=\"hidden\" name=\"page_url\" value=\"https:\/\/www.1trueid.net\/it\/wp-json\/wp\/v2\/pages\/34437\"><button type=\"submit\" name=\"wpforms[submit]\" id=\"wpforms-submit-33820\" class=\"wpforms-submit\" data-alt-text=\"Inviando...\" data-submit-text=\"Invia\" aria-live=\"assertive\" value=\"wpforms-submit\">Invia<\/button><img src=\"https:\/\/www.1trueid.net\/wp-content\/plugins\/wpforms-lite\/assets\/images\/submit-spin.svg\" class=\"wpforms-submit-spinner\" style=\"display: none;\" width=\"26\" height=\"26\" alt=\"Caricamento\"><\/div><\/form><\/div>  <!-- .wpforms-container -->[\/vc_column][vc_column]<div class=\"clearboth\"><\/div><style>#thegem-divider-6a046c380c9fe {margin-top: 20px !important;}<\/style><div id=\"thegem-divider-6a046c380c9fe\" class=\"gem-divider  \" style=\"\" ><\/div>[\/vc_column][\/vc_row]<\/p>\n","protected":false},"excerpt":{"rendered":"<p>[vc_row full_width=&#8221;stretch_row&#8221; equal_height=&#8221;yes&#8221; css=&#8221;.vc_custom_1514376367963{margin-bottom: 0px !important;}&#8221;][vc_column offset=&#8221;vc_col-lg-8 vc_col-md-7&#8243;][vc_column_text] 1TrueID [\/vc_column_text][vc_column_text] Fondata nel 2016 come startup innovativa, 1TrueID si distingue per&#8230;<\/p>\n","protected":false},"author":4,"featured_media":0,"parent":0,"menu_order":0,"comment_status":"closed","ping_status":"closed","template":"","meta":{"footnotes":""},"class_list":["post-34437","page","type-page","status-publish"],"yoast_head":"<!-- This site is optimized with the Yoast SEO Premium plugin v20.7 (Yoast SEO v25.6) - https:\/\/yoast.com\/wordpress\/plugins\/seo\/ -->\n<title>Chi Siamo \u2013 1TrueID: Tracciabilit\u00e0 e Innovazione Blockchain<\/title>\n<meta name=\"description\" content=\"Scopri la missione di 1TrueID: innovare la tracciabilit\u00e0 e l\u2019anticontraffazione tramite tecnologie blockchain, NFC e IoT. Proteggi il tuo brand con noi.\" \/>\n<meta name=\"robots\" content=\"index, follow, max-snippet:-1, max-image-preview:large, max-video-preview:-1\" \/>\n<link rel=\"canonical\" href=\"https:\/\/www.1trueid.net\/it\/it-chi-siamo\/\" \/>\n<meta property=\"og:locale\" content=\"it_IT\" \/>\n<meta property=\"og:type\" content=\"article\" \/>\n<meta property=\"og:title\" content=\"Chi siamo\" \/>\n<meta property=\"og:description\" content=\"Scopri la missione di 1TrueID: innovare la tracciabilit\u00e0 e l\u2019anticontraffazione tramite tecnologie blockchain, NFC e IoT. Proteggi il tuo brand con noi.\" \/>\n<meta property=\"og:url\" content=\"https:\/\/www.1trueid.net\/it\/it-chi-siamo\/\" \/>\n<meta property=\"og:site_name\" content=\"1TrueID\" \/>\n<meta property=\"article:modified_time\" content=\"2025-06-18T07:32:42+00:00\" \/>\n<meta name=\"twitter:card\" content=\"summary_large_image\" \/>\n<meta name=\"twitter:label1\" content=\"Tempo di lettura stimato\" \/>\n\t<meta name=\"twitter:data1\" content=\"2 minuti\" \/>\n<script type=\"application\/ld+json\" class=\"yoast-schema-graph\">{\"@context\":\"https:\/\/schema.org\",\"@graph\":[{\"@type\":\"WebPage\",\"@id\":\"https:\/\/www.1trueid.net\/it\/it-chi-siamo\/\",\"url\":\"https:\/\/www.1trueid.net\/it\/it-chi-siamo\/\",\"name\":\"Chi Siamo \u2013 1TrueID: Tracciabilit\u00e0 e Innovazione Blockchain\",\"isPartOf\":{\"@id\":\"https:\/\/www.1trueid.net\/it\/#website\"},\"datePublished\":\"2025-01-28T08:28:35+00:00\",\"dateModified\":\"2025-06-18T07:32:42+00:00\",\"description\":\"Scopri la missione di 1TrueID: innovare la tracciabilit\u00e0 e l\u2019anticontraffazione tramite tecnologie blockchain, NFC e IoT. Proteggi il tuo brand con noi.\",\"breadcrumb\":{\"@id\":\"https:\/\/www.1trueid.net\/it\/it-chi-siamo\/#breadcrumb\"},\"inLanguage\":\"it-IT\",\"potentialAction\":[{\"@type\":\"ReadAction\",\"target\":[\"https:\/\/www.1trueid.net\/it\/it-chi-siamo\/\"]}]},{\"@type\":\"BreadcrumbList\",\"@id\":\"https:\/\/www.1trueid.net\/it\/it-chi-siamo\/#breadcrumb\",\"itemListElement\":[{\"@type\":\"ListItem\",\"position\":1,\"name\":\"Home\",\"item\":\"https:\/\/www.1trueid.net\/it\/\"},{\"@type\":\"ListItem\",\"position\":2,\"name\":\"Chi siamo\"}]},{\"@type\":\"WebSite\",\"@id\":\"https:\/\/www.1trueid.net\/it\/#website\",\"url\":\"https:\/\/www.1trueid.net\/it\/\",\"name\":\"1TrueID\",\"description\":\"The One True ID blockchain\",\"publisher\":{\"@id\":\"https:\/\/www.1trueid.net\/it\/#organization\"},\"potentialAction\":[{\"@type\":\"SearchAction\",\"target\":{\"@type\":\"EntryPoint\",\"urlTemplate\":\"https:\/\/www.1trueid.net\/it\/?s={search_term_string}\"},\"query-input\":{\"@type\":\"PropertyValueSpecification\",\"valueRequired\":true,\"valueName\":\"search_term_string\"}}],\"inLanguage\":\"it-IT\"},{\"@type\":\"Organization\",\"@id\":\"https:\/\/www.1trueid.net\/it\/#organization\",\"name\":\"1Trueid\",\"url\":\"https:\/\/www.1trueid.net\/it\/\",\"logo\":{\"@type\":\"ImageObject\",\"inLanguage\":\"it-IT\",\"@id\":\"https:\/\/www.1trueid.net\/it\/#\/schema\/logo\/image\/\",\"url\":\"https:\/\/www.1trueid.net\/wp-content\/uploads\/2021\/06\/stiky1tid.png\",\"contentUrl\":\"https:\/\/www.1trueid.net\/wp-content\/uploads\/2021\/06\/stiky1tid.png\",\"width\":150,\"height\":43,\"caption\":\"1Trueid\"},\"image\":{\"@id\":\"https:\/\/www.1trueid.net\/it\/#\/schema\/logo\/image\/\"}}]}<\/script>\n<!-- \/ Yoast SEO Premium plugin. -->","yoast_head_json":{"title":"Chi Siamo \u2013 1TrueID: Tracciabilit\u00e0 e Innovazione Blockchain","description":"Scopri la missione di 1TrueID: innovare la tracciabilit\u00e0 e l\u2019anticontraffazione tramite tecnologie blockchain, NFC e IoT. Proteggi il tuo brand con noi.","robots":{"index":"index","follow":"follow","max-snippet":"max-snippet:-1","max-image-preview":"max-image-preview:large","max-video-preview":"max-video-preview:-1"},"canonical":"https:\/\/www.1trueid.net\/it\/it-chi-siamo\/","og_locale":"it_IT","og_type":"article","og_title":"Chi siamo","og_description":"Scopri la missione di 1TrueID: innovare la tracciabilit\u00e0 e l\u2019anticontraffazione tramite tecnologie blockchain, NFC e IoT. Proteggi il tuo brand con noi.","og_url":"https:\/\/www.1trueid.net\/it\/it-chi-siamo\/","og_site_name":"1TrueID","article_modified_time":"2025-06-18T07:32:42+00:00","twitter_card":"summary_large_image","twitter_misc":{"Tempo di lettura stimato":"2 minuti"},"schema":{"@context":"https:\/\/schema.org","@graph":[{"@type":"WebPage","@id":"https:\/\/www.1trueid.net\/it\/it-chi-siamo\/","url":"https:\/\/www.1trueid.net\/it\/it-chi-siamo\/","name":"Chi Siamo \u2013 1TrueID: Tracciabilit\u00e0 e Innovazione Blockchain","isPartOf":{"@id":"https:\/\/www.1trueid.net\/it\/#website"},"datePublished":"2025-01-28T08:28:35+00:00","dateModified":"2025-06-18T07:32:42+00:00","description":"Scopri la missione di 1TrueID: innovare la tracciabilit\u00e0 e l\u2019anticontraffazione tramite tecnologie blockchain, NFC e IoT. Proteggi il tuo brand con noi.","breadcrumb":{"@id":"https:\/\/www.1trueid.net\/it\/it-chi-siamo\/#breadcrumb"},"inLanguage":"it-IT","potentialAction":[{"@type":"ReadAction","target":["https:\/\/www.1trueid.net\/it\/it-chi-siamo\/"]}]},{"@type":"BreadcrumbList","@id":"https:\/\/www.1trueid.net\/it\/it-chi-siamo\/#breadcrumb","itemListElement":[{"@type":"ListItem","position":1,"name":"Home","item":"https:\/\/www.1trueid.net\/it\/"},{"@type":"ListItem","position":2,"name":"Chi siamo"}]},{"@type":"WebSite","@id":"https:\/\/www.1trueid.net\/it\/#website","url":"https:\/\/www.1trueid.net\/it\/","name":"1TrueID","description":"The One True ID blockchain","publisher":{"@id":"https:\/\/www.1trueid.net\/it\/#organization"},"potentialAction":[{"@type":"SearchAction","target":{"@type":"EntryPoint","urlTemplate":"https:\/\/www.1trueid.net\/it\/?s={search_term_string}"},"query-input":{"@type":"PropertyValueSpecification","valueRequired":true,"valueName":"search_term_string"}}],"inLanguage":"it-IT"},{"@type":"Organization","@id":"https:\/\/www.1trueid.net\/it\/#organization","name":"1Trueid","url":"https:\/\/www.1trueid.net\/it\/","logo":{"@type":"ImageObject","inLanguage":"it-IT","@id":"https:\/\/www.1trueid.net\/it\/#\/schema\/logo\/image\/","url":"https:\/\/www.1trueid.net\/wp-content\/uploads\/2021\/06\/stiky1tid.png","contentUrl":"https:\/\/www.1trueid.net\/wp-content\/uploads\/2021\/06\/stiky1tid.png","width":150,"height":43,"caption":"1Trueid"},"image":{"@id":"https:\/\/www.1trueid.net\/it\/#\/schema\/logo\/image\/"}}]}},"_links":{"self":[{"href":"https:\/\/www.1trueid.net\/it\/wp-json\/wp\/v2\/pages\/34437"}],"collection":[{"href":"https:\/\/www.1trueid.net\/it\/wp-json\/wp\/v2\/pages"}],"about":[{"href":"https:\/\/www.1trueid.net\/it\/wp-json\/wp\/v2\/types\/page"}],"author":[{"embeddable":true,"href":"https:\/\/www.1trueid.net\/it\/wp-json\/wp\/v2\/users\/4"}],"replies":[{"embeddable":true,"href":"https:\/\/www.1trueid.net\/it\/wp-json\/wp\/v2\/comments?post=34437"}],"version-history":[{"count":9,"href":"https:\/\/www.1trueid.net\/it\/wp-json\/wp\/v2\/pages\/34437\/revisions"}],"predecessor-version":[{"id":34794,"href":"https:\/\/www.1trueid.net\/it\/wp-json\/wp\/v2\/pages\/34437\/revisions\/34794"}],"wp:attachment":[{"href":"https:\/\/www.1trueid.net\/it\/wp-json\/wp\/v2\/media?parent=34437"}],"curies":[{"name":"wp","href":"https:\/\/api.w.org\/{rel}","templated":true}]}}